{"id":5028,"date":"2022-03-28T23:13:37","date_gmt":"2022-03-28T23:13:37","guid":{"rendered":"https:\/\/visitalmanova.com\/?page_id=5028"},"modified":"2022-05-31T13:47:54","modified_gmt":"2022-05-31T13:47:54","slug":"saude-e-bem-estar-alma-nova","status":"publish","type":"page","link":"https:\/\/visitalmanova.com\/en_gb\/saude-e-bem-estar-alma-nova\/","title":{"rendered":"Well-being"},"content":{"rendered":"<div data-bg-media-opacity=\"1\" data-vc-full-width=\"true\" data-vc-full-width-init=\"false\" data-vc-stretch-content=\"true\" class=\"vc_row wpb_row vc_row-fluid vc_custom_1654004810094 vc-row-52fd10781961ad7f2251cb6c1af82dc3-17765978601106352970 vc_row-has-fill\" data-css-row=\"\"><div class=\"wpb_column vc_column_container vc_col-sm-12\"><div class=\"vc_column-inner vc_custom_1654004789303\"><div class=\"wpb_wrapper\">\n\t<div class=\"wpb_text_column wpb_content_element\" >\n\t\t<div class=\"wpb_wrapper\">\n\t\t\t<h2 style=\"text-align: center;\"><span style=\"color: #ffffff;\">Well-being<\/span><\/h2>\n<p style=\"text-align: center;\"><span style=\"color: #ffffff;\">Treat your body and soul with our massages and mesotherapy.<\/span><\/p>\n\n\t\t<\/div>\n\t<\/div>\n<\/div><\/div><\/div><\/div><div class=\"vc_row-full-width vc_clearfix\"><\/div><section class=\"vc_section\"><div data-bg-media-opacity=\"1\" class=\"vc_row wpb_row vc_row-fluid vc-row-55b9385a7a6a4bf333327549bf0387e6-1776597860212304422\" data-css-row=\"\"><div class=\"wpb_column vc_column_container vc_col-sm-2\"><div class=\"vc_column-inner\"><div class=\"wpb_wrapper\"><\/div><\/div><\/div><div class=\"wpb_column vc_column_container vc_col-sm-8\"><div class=\"vc_column-inner\"><div class=\"wpb_wrapper\">\n\t<div  class=\"wpb_single_image wpb_content_element vc_align_center\">\n\t\t\n\t\t<figure class=\"wpb_wrapper vc_figure\">\n\t\t\t<div class=\"vc_single_image-wrapper   vc_box_border_grey\"><img loading=\"lazy\" decoding=\"async\" width=\"1920\" height=\"1280\" src=\"https:\/\/visitalmanova.com\/wp-content\/uploads\/2022\/03\/Alojamento-Alma-Nova-Saude-bem-estar.jpg\" class=\"vc_single_image-img attachment-full\" alt=\"Sa\u00fade e Bem Estar Alojamento Alma Nova\" title=\"Alojamento-Alma-Nova-Saude-bem-estar\" srcset=\"https:\/\/visitalmanova.com\/wp-content\/uploads\/2022\/03\/Alojamento-Alma-Nova-Saude-bem-estar.jpg 1920w, https:\/\/visitalmanova.com\/wp-content\/uploads\/2022\/03\/Alojamento-Alma-Nova-Saude-bem-estar-300x200.jpg 300w, https:\/\/visitalmanova.com\/wp-content\/uploads\/2022\/03\/Alojamento-Alma-Nova-Saude-bem-estar-1024x683.jpg 1024w, https:\/\/visitalmanova.com\/wp-content\/uploads\/2022\/03\/Alojamento-Alma-Nova-Saude-bem-estar-768x512.jpg 768w, https:\/\/visitalmanova.com\/wp-content\/uploads\/2022\/03\/Alojamento-Alma-Nova-Saude-bem-estar-600x400.jpg 600w, https:\/\/visitalmanova.com\/wp-content\/uploads\/2022\/03\/Alojamento-Alma-Nova-Saude-bem-estar-1536x1024.jpg 1536w, https:\/\/visitalmanova.com\/wp-content\/uploads\/2022\/03\/Alojamento-Alma-Nova-Saude-bem-estar-18x12.jpg 18w, https:\/\/visitalmanova.com\/wp-content\/uploads\/2022\/03\/Alojamento-Alma-Nova-Saude-bem-estar-1350x900.jpg 1350w, https:\/\/visitalmanova.com\/wp-content\/uploads\/2022\/03\/Alojamento-Alma-Nova-Saude-bem-estar-660x440.jpg 660w, https:\/\/visitalmanova.com\/wp-content\/uploads\/2022\/03\/Alojamento-Alma-Nova-Saude-bem-estar-680x453.jpg 680w\" sizes=\"auto, (max-width: 1920px) 100vw, 1920px\" \/><\/div>\n\t\t<\/figure>\n\t<\/div>\n\n\t<div class=\"wpb_text_column wpb_content_element\" >\n\t\t<div class=\"wpb_wrapper\">\n\t\t\t<p style=\"text-align: center;\">Give your body the care it deserves in our Health &amp; Wellness spaces. Enjoy our mesotherapy sessions and get rid of all kinds of pain. From muscle pain to generalized, through inflammatory pain and others. Our certified mesotherapy techniques are sure to make your stay more enjoyable.<\/p>\n<p style=\"text-align: center;\">While you are with us, enjoy the proximity of the magnificent <a href=\"https:\/\/termasdenisa.cm-nisa.pt\/\">Termas da Fadagosa (Nisa)<\/a>. A sulfur water thermal complex with medical hydrology services, thermal techniques, complementary services and aromatherapy wellness.<\/p>\n\n\t\t<\/div>\n\t<\/div>\n<\/div><\/div><\/div><div class=\"wpb_column vc_column_container vc_col-sm-2\"><div class=\"vc_column-inner\"><div class=\"wpb_wrapper\"><\/div><\/div><\/div><\/div><\/section>","protected":false},"excerpt":{"rendered":"Sa\u00fade e Bem-Estar Trate do corpo e da alma com as nossas massagens e mesoterapia. D\u00ea ao seu...","protected":false},"author":1,"featured_media":0,"parent":0,"menu_order":0,"comment_status":"closed","ping_status":"closed","template":"","meta":{"footnotes":""},"class_list":["post-5028","page","type-page","status-publish","hentry"],"yoast_head":"<!-- This site is optimized with the Yoast SEO plugin v26.5 - https:\/\/yoast.com\/wordpress\/plugins\/seo\/ -->\n<title>Sa\u00fade e Bem-Estar - Alma Nova Alojamento Local - Alentejo, Portugal - Alojamento Local, Alojamento local alentejo, Alojamento local alpalh\u00e3o, Bed &amp; Breakfast, onde dormir<\/title>\n<meta name=\"description\" content=\"Sa\u00fade &amp; Bem Estar no alojamento Alma Nova. Aproveite as nossas sess\u00f5es de mesoterapia ou visite as Termas da Fadagosa.\" \/>\n<meta name=\"robots\" content=\"index, follow, max-snippet:-1, max-image-preview:large, max-video-preview:-1\" \/>\n<link rel=\"canonical\" href=\"https:\/\/visitalmanova.com\/en_gb\/saude-e-bem-estar-alma-nova\/\" \/>\n<meta property=\"og:locale\" content=\"en_GB\" \/>\n<meta property=\"og:type\" content=\"article\" \/>\n<meta property=\"og:title\" content=\"Sa\u00fade e Bem-Estar - Alma Nova Alojamento Local - Alentejo, Portugal - Alojamento Local, Alojamento local alentejo, Alojamento local alpalh\u00e3o, Bed &amp; Breakfast, onde dormir\" \/>\n<meta property=\"og:description\" content=\"Sa\u00fade &amp; Bem Estar no alojamento Alma Nova. Aproveite as nossas sess\u00f5es de mesoterapia ou visite as Termas da Fadagosa.\" \/>\n<meta property=\"og:url\" content=\"https:\/\/visitalmanova.com\/en_gb\/saude-e-bem-estar-alma-nova\/\" \/>\n<meta property=\"og:site_name\" content=\"Alma Nova Alojamento Local - Alentejo, Portugal - Alojamento Local, Alojamento local alentejo, Alojamento local alpalh\u00e3o, Bed &amp; Breakfast, onde dormir\" \/>\n<meta property=\"article:modified_time\" content=\"2022-05-31T13:47:54+00:00\" \/>\n<meta property=\"og:image\" content=\"https:\/\/visitalmanova.com\/wp-content\/uploads\/2022\/03\/Alma-nova-1.jpg\" \/>\n\t<meta property=\"og:image:width\" content=\"1920\" \/>\n\t<meta property=\"og:image:height\" content=\"1280\" \/>\n\t<meta property=\"og:image:type\" content=\"image\/jpeg\" \/>\n<meta name=\"twitter:card\" content=\"summary_large_image\" \/>\n<meta name=\"twitter:label1\" content=\"Estimated reading time\" \/>\n\t<meta name=\"twitter:data1\" content=\"1 minute\" \/>\n<script type=\"application\/ld+json\" class=\"yoast-schema-graph\">{\"@context\":\"https:\/\/schema.org\",\"@graph\":[{\"@type\":\"WebPage\",\"@id\":\"https:\/\/visitalmanova.com\/en_gb\/saude-e-bem-estar-alma-nova\/\",\"url\":\"https:\/\/visitalmanova.com\/en_gb\/saude-e-bem-estar-alma-nova\/\",\"name\":\"Sa\u00fade e Bem-Estar - Alma Nova Alojamento Local - Alentejo, Portugal - Alojamento Local, Alojamento local alentejo, Alojamento local alpalh\u00e3o, Bed &amp; Breakfast, onde dormir\",\"isPartOf\":{\"@id\":\"https:\/\/visitalmanova.com\/en_gb\/#website\"},\"datePublished\":\"2022-03-28T23:13:37+00:00\",\"dateModified\":\"2022-05-31T13:47:54+00:00\",\"description\":\"Sa\u00fade & Bem Estar no alojamento Alma Nova. Aproveite as nossas sess\u00f5es de mesoterapia ou visite as Termas da Fadagosa.\",\"breadcrumb\":{\"@id\":\"https:\/\/visitalmanova.com\/en_gb\/saude-e-bem-estar-alma-nova\/#breadcrumb\"},\"inLanguage\":\"en-GB\",\"potentialAction\":[{\"@type\":\"ReadAction\",\"target\":[\"https:\/\/visitalmanova.com\/en_gb\/saude-e-bem-estar-alma-nova\/\"]}]},{\"@type\":\"BreadcrumbList\",\"@id\":\"https:\/\/visitalmanova.com\/en_gb\/saude-e-bem-estar-alma-nova\/#breadcrumb\",\"itemListElement\":[{\"@type\":\"ListItem\",\"position\":1,\"name\":\"In\u00edcio\",\"item\":\"https:\/\/visitalmanova.com\/\"},{\"@type\":\"ListItem\",\"position\":2,\"name\":\"Sa\u00fade e Bem-Estar\"}]},{\"@type\":\"WebSite\",\"@id\":\"https:\/\/visitalmanova.com\/en_gb\/#website\",\"url\":\"https:\/\/visitalmanova.com\/en_gb\/\",\"name\":\"Alma Nova Alojamento Local - Alentejo, Portugal - Alojamento Local, Alojamento local alentejo, Alojamento local alpalh\u00e3o, Bed & Breakfast, onde dormir\",\"description\":\"Situada na vila de Alpalha\u0303o (Alpariti de origem a\u0301rabe) e origina\u0301ria do ini\u0301cio do se\u0301c. XX, esta era uma antiga casa agri\u0301cola e de habitac\u0327a\u0303o. Ja\u0301 bastante degradada, foi finalmente reconstrui\u0301da mais de um se\u0301culo depois, com um nome que faz jus a esta renovac\u0327a\u0303o: Alma Nova. O alojamento Alma Nova surge da vontade de mudanc\u0327a de vida da sua proprieta\u0301ria, que trocou a agitac\u0327a\u0303o citadina por uma nova pa\u0301gina escrita na terra dos seus antepassados: O Alentejo.\",\"publisher\":{\"@id\":\"https:\/\/visitalmanova.com\/en_gb\/#organization\"},\"potentialAction\":[{\"@type\":\"SearchAction\",\"target\":{\"@type\":\"EntryPoint\",\"urlTemplate\":\"https:\/\/visitalmanova.com\/en_gb\/?s={search_term_string}\"},\"query-input\":{\"@type\":\"PropertyValueSpecification\",\"valueRequired\":true,\"valueName\":\"search_term_string\"}}],\"inLanguage\":\"en-GB\"},{\"@type\":\"Organization\",\"@id\":\"https:\/\/visitalmanova.com\/en_gb\/#organization\",\"name\":\"Alma Nova Alojamento Local - Alentejo, Portugal - Alojamento Local, Alojamento local alentejo, Alojamento local alpalh\u00e3o, Bed & Breakfast, onde dormir\",\"url\":\"https:\/\/visitalmanova.com\/en_gb\/\",\"logo\":{\"@type\":\"ImageObject\",\"inLanguage\":\"en-GB\",\"@id\":\"https:\/\/visitalmanova.com\/en_gb\/#\/schema\/logo\/image\/\",\"url\":\"https:\/\/visitalmanova.com\/wp-content\/uploads\/2018\/10\/logo.png\",\"contentUrl\":\"https:\/\/visitalmanova.com\/wp-content\/uploads\/2018\/10\/logo.png\",\"width\":285,\"height\":79,\"caption\":\"Alma Nova Alojamento Local - Alentejo, Portugal - Alojamento Local, Alojamento local alentejo, Alojamento local alpalh\u00e3o, Bed & Breakfast, onde dormir\"},\"image\":{\"@id\":\"https:\/\/visitalmanova.com\/en_gb\/#\/schema\/logo\/image\/\"}}]}<\/script>\n<!-- \/ Yoast SEO plugin. -->","yoast_head_json":{"title":"Sa\u00fade e Bem-Estar - Alma Nova Alojamento Local - Alentejo, Portugal - Alojamento Local, Alojamento local alentejo, Alojamento local alpalh\u00e3o, Bed &amp; Breakfast, onde dormir","description":"Sa\u00fade & Bem Estar no alojamento Alma Nova. Aproveite as nossas sess\u00f5es de mesoterapia ou visite as Termas da Fadagosa.","robots":{"index":"index","follow":"follow","max-snippet":"max-snippet:-1","max-image-preview":"max-image-preview:large","max-video-preview":"max-video-preview:-1"},"canonical":"https:\/\/visitalmanova.com\/en_gb\/saude-e-bem-estar-alma-nova\/","og_locale":"en_GB","og_type":"article","og_title":"Sa\u00fade e Bem-Estar - Alma Nova Alojamento Local - Alentejo, Portugal - Alojamento Local, Alojamento local alentejo, Alojamento local alpalh\u00e3o, Bed &amp; Breakfast, onde dormir","og_description":"Sa\u00fade & Bem Estar no alojamento Alma Nova. Aproveite as nossas sess\u00f5es de mesoterapia ou visite as Termas da Fadagosa.","og_url":"https:\/\/visitalmanova.com\/en_gb\/saude-e-bem-estar-alma-nova\/","og_site_name":"Alma Nova Alojamento Local - Alentejo, Portugal - Alojamento Local, Alojamento local alentejo, Alojamento local alpalh\u00e3o, Bed &amp; Breakfast, onde dormir","article_modified_time":"2022-05-31T13:47:54+00:00","og_image":[{"width":1920,"height":1280,"url":"https:\/\/visitalmanova.com\/wp-content\/uploads\/2022\/03\/Alma-nova-1.jpg","type":"image\/jpeg"}],"twitter_card":"summary_large_image","twitter_misc":{"Estimated reading time":"1 minute"},"schema":{"@context":"https:\/\/schema.org","@graph":[{"@type":"WebPage","@id":"https:\/\/visitalmanova.com\/en_gb\/saude-e-bem-estar-alma-nova\/","url":"https:\/\/visitalmanova.com\/en_gb\/saude-e-bem-estar-alma-nova\/","name":"Sa\u00fade e Bem-Estar - Alma Nova Alojamento Local - Alentejo, Portugal - Alojamento Local, Alojamento local alentejo, Alojamento local alpalh\u00e3o, Bed &amp; Breakfast, onde dormir","isPartOf":{"@id":"https:\/\/visitalmanova.com\/en_gb\/#website"},"datePublished":"2022-03-28T23:13:37+00:00","dateModified":"2022-05-31T13:47:54+00:00","description":"Sa\u00fade & Bem Estar no alojamento Alma Nova. Aproveite as nossas sess\u00f5es de mesoterapia ou visite as Termas da Fadagosa.","breadcrumb":{"@id":"https:\/\/visitalmanova.com\/en_gb\/saude-e-bem-estar-alma-nova\/#breadcrumb"},"inLanguage":"en-GB","potentialAction":[{"@type":"ReadAction","target":["https:\/\/visitalmanova.com\/en_gb\/saude-e-bem-estar-alma-nova\/"]}]},{"@type":"BreadcrumbList","@id":"https:\/\/visitalmanova.com\/en_gb\/saude-e-bem-estar-alma-nova\/#breadcrumb","itemListElement":[{"@type":"ListItem","position":1,"name":"In\u00edcio","item":"https:\/\/visitalmanova.com\/"},{"@type":"ListItem","position":2,"name":"Sa\u00fade e Bem-Estar"}]},{"@type":"WebSite","@id":"https:\/\/visitalmanova.com\/en_gb\/#website","url":"https:\/\/visitalmanova.com\/en_gb\/","name":"Alma Nova Alojamento Local - Alentejo, Portugal - Alojamento Local, Alojamento local alentejo, Alojamento local alpalh\u00e3o, Bed & Breakfast, onde dormir","description":"Situada na vila de Alpalha\u0303o (Alpariti de origem a\u0301rabe) e origina\u0301ria do ini\u0301cio do se\u0301c. XX, esta era uma antiga casa agri\u0301cola e de habitac\u0327a\u0303o. Ja\u0301 bastante degradada, foi finalmente reconstrui\u0301da mais de um se\u0301culo depois, com um nome que faz jus a esta renovac\u0327a\u0303o: Alma Nova. O alojamento Alma Nova surge da vontade de mudanc\u0327a de vida da sua proprieta\u0301ria, que trocou a agitac\u0327a\u0303o citadina por uma nova pa\u0301gina escrita na terra dos seus antepassados: O Alentejo.","publisher":{"@id":"https:\/\/visitalmanova.com\/en_gb\/#organization"},"potentialAction":[{"@type":"SearchAction","target":{"@type":"EntryPoint","urlTemplate":"https:\/\/visitalmanova.com\/en_gb\/?s={search_term_string}"},"query-input":{"@type":"PropertyValueSpecification","valueRequired":true,"valueName":"search_term_string"}}],"inLanguage":"en-GB"},{"@type":"Organization","@id":"https:\/\/visitalmanova.com\/en_gb\/#organization","name":"Alma Nova Alojamento Local - Alentejo, Portugal - Alojamento Local, Alojamento local alentejo, Alojamento local alpalh\u00e3o, Bed & Breakfast, onde dormir","url":"https:\/\/visitalmanova.com\/en_gb\/","logo":{"@type":"ImageObject","inLanguage":"en-GB","@id":"https:\/\/visitalmanova.com\/en_gb\/#\/schema\/logo\/image\/","url":"https:\/\/visitalmanova.com\/wp-content\/uploads\/2018\/10\/logo.png","contentUrl":"https:\/\/visitalmanova.com\/wp-content\/uploads\/2018\/10\/logo.png","width":285,"height":79,"caption":"Alma Nova Alojamento Local - Alentejo, Portugal - Alojamento Local, Alojamento local alentejo, Alojamento local alpalh\u00e3o, Bed & Breakfast, onde dormir"},"image":{"@id":"https:\/\/visitalmanova.com\/en_gb\/#\/schema\/logo\/image\/"}}]}},"_links":{"self":[{"href":"https:\/\/visitalmanova.com\/en_gb\/wp-json\/wp\/v2\/pages\/5028","targetHints":{"allow":["GET"]}}],"collection":[{"href":"https:\/\/visitalmanova.com\/en_gb\/wp-json\/wp\/v2\/pages"}],"about":[{"href":"https:\/\/visitalmanova.com\/en_gb\/wp-json\/wp\/v2\/types\/page"}],"author":[{"embeddable":true,"href":"https:\/\/visitalmanova.com\/en_gb\/wp-json\/wp\/v2\/users\/1"}],"replies":[{"embeddable":true,"href":"https:\/\/visitalmanova.com\/en_gb\/wp-json\/wp\/v2\/comments?post=5028"}],"version-history":[{"count":0,"href":"https:\/\/visitalmanova.com\/en_gb\/wp-json\/wp\/v2\/pages\/5028\/revisions"}],"wp:attachment":[{"href":"https:\/\/visitalmanova.com\/en_gb\/wp-json\/wp\/v2\/media?parent=5028"}],"curies":[{"name":"wp","href":"https:\/\/api.w.org\/{rel}","templated":true}]}}