{"id":734,"date":"2018-10-02T13:11:04","date_gmt":"2018-10-02T13:11:04","guid":{"rendered":"https:\/\/velikorodnov.com\/dev\/milenia\/?page_id=734"},"modified":"2022-07-07T14:59:31","modified_gmt":"2022-07-07T14:59:31","slug":"alma-nova-contactos","status":"publish","type":"page","link":"https:\/\/visitalmanova.com\/en_gb\/alma-nova-contactos\/","title":{"rendered":"Contacts"},"content":{"rendered":"<div data-bg-media-opacity=\"1\" data-vc-full-width=\"true\" data-vc-full-width-init=\"false\" data-vc-stretch-content=\"true\" class=\"vc_row wpb_row vc_row-fluid vc_custom_1654005027717 vc-row-ad54968b4ff0b5ae38d5bf24c3c03bc5-177639433633869405 vc_row-has-fill vc_row-no-padding\" data-css-row=\"\"><div class=\"wpb_column vc_column_container vc_col-sm-12\"><div class=\"vc_column-inner vc_custom_1654005020995\"><div class=\"wpb_wrapper\">\n\t<div class=\"wpb_text_column wpb_content_element\" >\n\t\t<div class=\"wpb_wrapper\">\n\t\t\t<h2 style=\"text-align: center;\"><span style=\"color: #ffffff;\">Contacts<\/span><\/h2>\n<p style=\"text-align: center;\"><span style=\"color: #ffffff;\">Always available for you!<\/span><\/p>\n\n\t\t<\/div>\n\t<\/div>\n\n\t<div class=\"wpb_text_column wpb_content_element\" >\n\t\t<div class=\"wpb_wrapper\">\n\t\t\t<h2 style=\"text-align: center;\"><span style=\"color: #ffffff;\">Contacts<\/span><\/h2>\n<p style=\"text-align: center;\"><span style=\"color: #ffffff;\">Always available for you!<\/span><\/p>\n\n\t\t<\/div>\n\t<\/div>\n<\/div><\/div><\/div><\/div><div class=\"vc_row-full-width vc_clearfix\"><\/div><div data-bg-media-opacity=\"1\" class=\"vc_row wpb_row vc_row-fluid milenia-form--fields-white vc-row-9a376870e1293f4c7bbb7a4f61921cd8-17763943361195107578\" data-css-row=\"\"><div class=\"wpb_column vc_column_container vc_col-sm-4\"><div class=\"vc_column-inner\"><div class=\"wpb_wrapper\"><h3 style=\"text-align: left\" class=\"vc_custom_heading\" >Our Contacts<\/h3><!--================ Google Map ================-->\n<script>\n\t(function($){\n\t\t'use strict';\n\t\tif(!$) return;\n\n\t\t$(function(){\n\t\t\tvar $container = $('#vc-milenia-panels-d0f76b86a3b8c3a6da8ad498a4ae25c3-1776394336734957272');\n\t\t\tif( !$container.length || !window.Milenia ) return;\n\n\t\t\tif(window.appear) {\n                appear({\n                    elements: function(){\n                        return document.querySelectorAll('#vc-milenia-panels-d0f76b86a3b8c3a6da8ad498a4ae25c3-1776394336734957272');\n                    },\n                    appear: function(element) {\n                        var $el = $(element);\n                        $el.addClass('milenia-visible').addClass($el.data('animation'));\n                    },\n                    reappear: false,\n                    bounds: -200\n                });\n            }\n\n\t\t\t\/\/ Initialize googleMaps module after updating a container on the page\n\t\t\tif( window.Milenia.modules && window.Milenia.modules.googleMaps ) {\n\t\t\t\twindow.Milenia.modules.googleMaps.init( $container.filter( function(index, element){\n\t\t\t\t\treturn !$(element).data('Maplace');\n\t\t\t\t} ) );\n\t\t\t}\n\t\t});\n\t})(window.jQuery);\n<\/script>\n <div id=\"vc-milenia-panels-d0f76b86a3b8c3a6da8ad498a4ae25c3-1776394336734957272\"\n      class=\"milenia-gmap\"\n      data-locations='[{\"lat\":\"39.41582624402126\",\"lon\":\"-7.621967969257967\",\"icon\":\"https:\\\/\\\/visitalmanova.com\\\/wp-content\\\/uploads\\\/2018\\\/10\\\/marker-blue.png\",\"title\":\"Onde Estamos\"}]'\n      data-map-options='{\"zoom\":16,\"scrollwheel\":false}'\n      data-animation=\"\"\n\t  data-css-row=\"#vc-milenia-panels-d0f76b86a3b8c3a6da8ad498a4ae25c3-1776394336734957272{width:100%;height:340px;}\"><\/div>\n<!--================ End of Google Map ================-->\n<!--================ Key-value list ================-->\n<script>\n    (function($){\n        'use strict';\n\n        var $container, $grid, $filter, $carousels, $dynamicBgElements;\n\n        if(!$) return;\n\n        $(function(){\n            $container = $('#vc-milenia-panels-487824695653a03b75199be79766cedd-17763943362036115038');\n            if(!$container.length) return;\n\n            if(window.appear) {\n                appear({\n                    elements: function(){\n                        return document.querySelectorAll('#vc-milenia-panels-487824695653a03b75199be79766cedd-17763943362036115038');\n                    },\n                    appear: function(element) {\n                        var $el = $(element);\n                        $el.addClass('milenia-visible').addClass($el.data('animation'));\n                    },\n                    reappear: false,\n                    bounds: -200\n                });\n            }\n\n            if(window.Milenia && window.Milenia.LinkUnderliner) {\n                window.Milenia.LinkUnderliner.init($container.find('a'));\n            }\n        });\n    })(window.jQuery);\n<\/script>\n\n\n<ul id=\"vc-milenia-panels-487824695653a03b75199be79766cedd-17763943362036115038\" class=\"milenia-details-list milenia-list--unstyled vc_custom_1657205964219 milenia-visible\" data-animation=\"none\">\n    <li>\n    <span class=\"milenia-tc--dark\">Address:<\/span>\n    Largo da Devesa, n\u00ba 42, 6050-030 Alpalh\u00e3o - Alentejo, Portugal \n<\/li>\n\r\n<li>\n    <span class=\"milenia-tc--dark\">Phone:<\/span>\n    +351 245 742 027\n<\/li>\n\r\n<li>\n    <span class=\"milenia-tc--dark\">Telem\u00f3vel:<\/span>\n    +351 961 131 417\n<\/li>\n\r\n<li>\n    <span class=\"milenia-tc--dark\">E-mail:<\/span>\n    geral@visitalmanova.com, reservas@visitalmanova.com\n<\/li>\n\n<\/ul>\n<!--================ End of Key-value list ================-->\n<\/div><\/div><\/div><div class=\"wpb_column vc_column_container vc_col-sm-8\"><div class=\"vc_column-inner\"><div class=\"wpb_wrapper\"><h3 style=\"text-align: left\" class=\"vc_custom_heading\" >Contact us!<\/h3>\n\t<div class=\"wpb_text_column wpb_content_element  vc_custom_1650532958860\" >\n\t\t<div class=\"wpb_wrapper\">\n\t\t\t<p>At Alma Nova we're always available to help you. Please feel free to contact us!<\/p>\n\n\t\t<\/div>\n\t<\/div>\n<div class=\"vc_empty_space\"   style=\"height: 15px\"><span class=\"vc_empty_space_inner\"><\/span><\/div>\n<div class=\"wpcf7 no-js\" id=\"wpcf7-f981-o1\" lang=\"en-US\" dir=\"ltr\" data-wpcf7-id=\"981\">\n<div class=\"screen-reader-response\"><p role=\"status\" aria-live=\"polite\" aria-atomic=\"true\"><\/p> <ul><\/ul><\/div>\n<form action=\"\/en_gb\/wp-json\/wp\/v2\/pages\/734#wpcf7-f981-o1\" method=\"post\" class=\"wpcf7-form init\" aria-label=\"Contact form\" novalidate=\"novalidate\" data-status=\"init\" data-trp-original-action=\"\/en_gb\/wp-json\/wp\/v2\/pages\/734#wpcf7-f981-o1\">\n<fieldset class=\"hidden-fields-container\"><input type=\"hidden\" name=\"_wpcf7\" value=\"981\" \/><input type=\"hidden\" name=\"_wpcf7_version\" value=\"6.1.4\" \/><input type=\"hidden\" name=\"_wpcf7_locale\" value=\"en_US\" \/><input type=\"hidden\" name=\"_wpcf7_unit_tag\" value=\"wpcf7-f981-o1\" \/><input type=\"hidden\" name=\"_wpcf7_container_post\" value=\"0\" \/><input type=\"hidden\" name=\"_wpcf7_posted_data_hash\" value=\"\" \/>\n<\/fieldset>\n<div class=\"form-group\">\n\t<div class=\"form-col\">\n\t\t<p><span class=\"wpcf7-form-control-wrap\" data-name=\"your-name\"><input size=\"40\" maxlength=\"400\" class=\"wpcf7-form-control wpcf7-text wpcf7-validates-as-required\" aria-required=\"true\" aria-invalid=\"false\" placeholder=\"Your name\" value=\"\" type=\"text\" name=\"your-name\" \/><\/span>\n\t\t<\/p>\n\t<\/div>\n<\/div>\n<div class=\"form-group\">\n\t<div class=\"form-col\">\n\t\t<p><span class=\"wpcf7-form-control-wrap\" data-name=\"your-email\"><input size=\"40\" maxlength=\"400\" class=\"wpcf7-form-control wpcf7-email wpcf7-validates-as-required wpcf7-text wpcf7-validates-as-email\" aria-required=\"true\" aria-invalid=\"false\" placeholder=\"Your e-mail\" value=\"\" type=\"email\" name=\"your-email\" \/><\/span>\n\t\t<\/p>\n\t<\/div>\n<\/div>\n<div class=\"form-group\">\n\t<div class=\"form-col\">\n\t\t<p><span class=\"wpcf7-form-control-wrap\" data-name=\"your-message\"><textarea cols=\"40\" rows=\"6\" maxlength=\"2000\" class=\"wpcf7-form-control wpcf7-textarea\" aria-invalid=\"false\" placeholder=\"Your message\" name=\"your-message\"><\/textarea><\/span>\n\t\t<\/p>\n\t<\/div>\n<\/div>\n<div class=\"form-group\">\n\t<div class=\"form-col\">\n\t\t<p><input class=\"wpcf7-form-control wpcf7-submit has-spinner milenia-btn milenia-btn--scheme-dark milenia-btn--unbordered\" type=\"submit\" value=\"Send\" \/>\n\t\t<\/p>\n\t<\/div>\n<\/div><div class=\"wpcf7-response-output\" aria-hidden=\"true\"><\/div>\n<input type=\"hidden\" name=\"trp-form-language\" value=\"en_gb\"\/><\/form>\n<\/div>\n<\/div><\/div><\/div><\/div>","protected":false},"excerpt":{"rendered":"Contactos Sempre dispon\u00edveis para si! Contactos Sempre dispon\u00edveis para si! Os nossos Contactos Morada: Largo da Devesa, n\u00ba...","protected":false},"author":1,"featured_media":0,"parent":0,"menu_order":0,"comment_status":"closed","ping_status":"closed","template":"","meta":{"footnotes":""},"class_list":["post-734","page","type-page","status-publish","hentry"],"yoast_head":"<!-- This site is optimized with the Yoast SEO plugin v26.5 - https:\/\/yoast.com\/wordpress\/plugins\/seo\/ -->\n<title>Alma Nova Alojamento Local - Alentejo, Portugal - Alojamento Local, Alojamento local alentejo, Alojamento local alpalh\u00e3o, Bed &amp; Breakfast, onde dormir - Contactos<\/title>\n<meta name=\"description\" content=\"Alma Nova \u00e9 um alojamento local no alto Alentejo. Venha conhecer o que esta regi\u00e3o tem para lhe oferecer. Fa\u00e7a j\u00e1 a sua reserva!\" \/>\n<meta name=\"robots\" content=\"index, follow, max-snippet:-1, max-image-preview:large, max-video-preview:-1\" \/>\n<link rel=\"canonical\" href=\"https:\/\/visitalmanova.com\/en_gb\/alma-nova-contactos\/\" \/>\n<meta property=\"og:locale\" content=\"en_GB\" \/>\n<meta property=\"og:type\" content=\"article\" \/>\n<meta property=\"og:title\" content=\"Alma Nova Alojamento Local - Alentejo, Portugal - Alojamento Local, Alojamento local alentejo, Alojamento local alpalh\u00e3o, Bed &amp; Breakfast, onde dormir - Contactos\" \/>\n<meta property=\"og:description\" content=\"Alma Nova \u00e9 um alojamento local no alto Alentejo. Venha conhecer o que esta regi\u00e3o tem para lhe oferecer. Fa\u00e7a j\u00e1 a sua reserva!\" \/>\n<meta property=\"og:url\" content=\"https:\/\/visitalmanova.com\/en_gb\/alma-nova-contactos\/\" \/>\n<meta property=\"og:site_name\" content=\"Alma Nova Alojamento Local - Alentejo, Portugal - Alojamento Local, Alojamento local alentejo, Alojamento local alpalh\u00e3o, Bed &amp; Breakfast, onde dormir\" \/>\n<meta property=\"article:modified_time\" content=\"2022-07-07T14:59:31+00:00\" \/>\n<meta property=\"og:image\" content=\"https:\/\/visitalmanova.com\/wp-content\/uploads\/2022\/03\/Alma-nova-1.jpg\" \/>\n\t<meta property=\"og:image:width\" content=\"1920\" \/>\n\t<meta property=\"og:image:height\" content=\"1280\" \/>\n\t<meta property=\"og:image:type\" content=\"image\/jpeg\" \/>\n<meta name=\"twitter:card\" content=\"summary_large_image\" \/>\n<meta name=\"twitter:label1\" content=\"Estimated reading time\" \/>\n\t<meta name=\"twitter:data1\" content=\"1 minute\" \/>\n<script type=\"application\/ld+json\" class=\"yoast-schema-graph\">{\"@context\":\"https:\/\/schema.org\",\"@graph\":[{\"@type\":\"WebPage\",\"@id\":\"https:\/\/visitalmanova.com\/alma-nova-contactos\/\",\"url\":\"https:\/\/visitalmanova.com\/alma-nova-contactos\/\",\"name\":\"Alma Nova Alojamento Local - Alentejo, Portugal - Alojamento Local, Alojamento local alentejo, Alojamento local alpalh\u00e3o, Bed &amp; Breakfast, onde dormir - Contactos\",\"isPartOf\":{\"@id\":\"https:\/\/visitalmanova.com\/en_gb\/#website\"},\"datePublished\":\"2018-10-02T13:11:04+00:00\",\"dateModified\":\"2022-07-07T14:59:31+00:00\",\"description\":\"Alma Nova \u00e9 um alojamento local no alto Alentejo. Venha conhecer o que esta regi\u00e3o tem para lhe oferecer. Fa\u00e7a j\u00e1 a sua reserva!\",\"breadcrumb\":{\"@id\":\"https:\/\/visitalmanova.com\/alma-nova-contactos\/#breadcrumb\"},\"inLanguage\":\"en-GB\",\"potentialAction\":[{\"@type\":\"ReadAction\",\"target\":[\"https:\/\/visitalmanova.com\/alma-nova-contactos\/\"]}]},{\"@type\":\"BreadcrumbList\",\"@id\":\"https:\/\/visitalmanova.com\/alma-nova-contactos\/#breadcrumb\",\"itemListElement\":[{\"@type\":\"ListItem\",\"position\":1,\"name\":\"In\u00edcio\",\"item\":\"https:\/\/visitalmanova.com\/\"},{\"@type\":\"ListItem\",\"position\":2,\"name\":\"Contactos\"}]},{\"@type\":\"WebSite\",\"@id\":\"https:\/\/visitalmanova.com\/en_gb\/#website\",\"url\":\"https:\/\/visitalmanova.com\/en_gb\/\",\"name\":\"Alma Nova Alojamento Local - Alentejo, Portugal - Alojamento Local, Alojamento local alentejo, Alojamento local alpalh\u00e3o, Bed & Breakfast, onde dormir\",\"description\":\"Situada na vila de Alpalha\u0303o (Alpariti de origem a\u0301rabe) e origina\u0301ria do ini\u0301cio do se\u0301c. XX, esta era uma antiga casa agri\u0301cola e de habitac\u0327a\u0303o. Ja\u0301 bastante degradada, foi finalmente reconstrui\u0301da mais de um se\u0301culo depois, com um nome que faz jus a esta renovac\u0327a\u0303o: Alma Nova. O alojamento Alma Nova surge da vontade de mudanc\u0327a de vida da sua proprieta\u0301ria, que trocou a agitac\u0327a\u0303o citadina por uma nova pa\u0301gina escrita na terra dos seus antepassados: O Alentejo.\",\"publisher\":{\"@id\":\"https:\/\/visitalmanova.com\/en_gb\/#organization\"},\"potentialAction\":[{\"@type\":\"SearchAction\",\"target\":{\"@type\":\"EntryPoint\",\"urlTemplate\":\"https:\/\/visitalmanova.com\/en_gb\/?s={search_term_string}\"},\"query-input\":{\"@type\":\"PropertyValueSpecification\",\"valueRequired\":true,\"valueName\":\"search_term_string\"}}],\"inLanguage\":\"en-GB\"},{\"@type\":\"Organization\",\"@id\":\"https:\/\/visitalmanova.com\/en_gb\/#organization\",\"name\":\"Alma Nova Alojamento Local - Alentejo, Portugal - Alojamento Local, Alojamento local alentejo, Alojamento local alpalh\u00e3o, Bed & Breakfast, onde dormir\",\"url\":\"https:\/\/visitalmanova.com\/en_gb\/\",\"logo\":{\"@type\":\"ImageObject\",\"inLanguage\":\"en-GB\",\"@id\":\"https:\/\/visitalmanova.com\/en_gb\/#\/schema\/logo\/image\/\",\"url\":\"https:\/\/visitalmanova.com\/wp-content\/uploads\/2018\/10\/logo.png\",\"contentUrl\":\"https:\/\/visitalmanova.com\/wp-content\/uploads\/2018\/10\/logo.png\",\"width\":285,\"height\":79,\"caption\":\"Alma Nova Alojamento Local - Alentejo, Portugal - Alojamento Local, Alojamento local alentejo, Alojamento local alpalh\u00e3o, Bed & Breakfast, onde dormir\"},\"image\":{\"@id\":\"https:\/\/visitalmanova.com\/en_gb\/#\/schema\/logo\/image\/\"}}]}<\/script>\n<!-- \/ Yoast SEO plugin. -->","yoast_head_json":{"title":"Alma Nova Alojamento Local - Alentejo, Portugal - Alojamento Local, Alojamento local alentejo, Alojamento local alpalh\u00e3o, Bed &amp; Breakfast, onde dormir - Contactos","description":"Alma Nova \u00e9 um alojamento local no alto Alentejo. Venha conhecer o que esta regi\u00e3o tem para lhe oferecer. Fa\u00e7a j\u00e1 a sua reserva!","robots":{"index":"index","follow":"follow","max-snippet":"max-snippet:-1","max-image-preview":"max-image-preview:large","max-video-preview":"max-video-preview:-1"},"canonical":"https:\/\/visitalmanova.com\/en_gb\/alma-nova-contactos\/","og_locale":"en_GB","og_type":"article","og_title":"Alma Nova Alojamento Local - Alentejo, Portugal - Alojamento Local, Alojamento local alentejo, Alojamento local alpalh\u00e3o, Bed &amp; Breakfast, onde dormir - Contactos","og_description":"Alma Nova \u00e9 um alojamento local no alto Alentejo. Venha conhecer o que esta regi\u00e3o tem para lhe oferecer. Fa\u00e7a j\u00e1 a sua reserva!","og_url":"https:\/\/visitalmanova.com\/en_gb\/alma-nova-contactos\/","og_site_name":"Alma Nova Alojamento Local - Alentejo, Portugal - Alojamento Local, Alojamento local alentejo, Alojamento local alpalh\u00e3o, Bed &amp; Breakfast, onde dormir","article_modified_time":"2022-07-07T14:59:31+00:00","og_image":[{"width":1920,"height":1280,"url":"https:\/\/visitalmanova.com\/wp-content\/uploads\/2022\/03\/Alma-nova-1.jpg","type":"image\/jpeg"}],"twitter_card":"summary_large_image","twitter_misc":{"Estimated reading time":"1 minute"},"schema":{"@context":"https:\/\/schema.org","@graph":[{"@type":"WebPage","@id":"https:\/\/visitalmanova.com\/alma-nova-contactos\/","url":"https:\/\/visitalmanova.com\/alma-nova-contactos\/","name":"Alma Nova Alojamento Local - Alentejo, Portugal - Alojamento Local, Alojamento local alentejo, Alojamento local alpalh\u00e3o, Bed &amp; Breakfast, onde dormir - Contactos","isPartOf":{"@id":"https:\/\/visitalmanova.com\/en_gb\/#website"},"datePublished":"2018-10-02T13:11:04+00:00","dateModified":"2022-07-07T14:59:31+00:00","description":"Alma Nova \u00e9 um alojamento local no alto Alentejo. Venha conhecer o que esta regi\u00e3o tem para lhe oferecer. Fa\u00e7a j\u00e1 a sua reserva!","breadcrumb":{"@id":"https:\/\/visitalmanova.com\/alma-nova-contactos\/#breadcrumb"},"inLanguage":"en-GB","potentialAction":[{"@type":"ReadAction","target":["https:\/\/visitalmanova.com\/alma-nova-contactos\/"]}]},{"@type":"BreadcrumbList","@id":"https:\/\/visitalmanova.com\/alma-nova-contactos\/#breadcrumb","itemListElement":[{"@type":"ListItem","position":1,"name":"In\u00edcio","item":"https:\/\/visitalmanova.com\/"},{"@type":"ListItem","position":2,"name":"Contactos"}]},{"@type":"WebSite","@id":"https:\/\/visitalmanova.com\/en_gb\/#website","url":"https:\/\/visitalmanova.com\/en_gb\/","name":"Alma Nova Alojamento Local - Alentejo, Portugal - Alojamento Local, Alojamento local alentejo, Alojamento local alpalh\u00e3o, Bed & Breakfast, onde dormir","description":"Situada na vila de Alpalha\u0303o (Alpariti de origem a\u0301rabe) e origina\u0301ria do ini\u0301cio do se\u0301c. XX, esta era uma antiga casa agri\u0301cola e de habitac\u0327a\u0303o. Ja\u0301 bastante degradada, foi finalmente reconstrui\u0301da mais de um se\u0301culo depois, com um nome que faz jus a esta renovac\u0327a\u0303o: Alma Nova. O alojamento Alma Nova surge da vontade de mudanc\u0327a de vida da sua proprieta\u0301ria, que trocou a agitac\u0327a\u0303o citadina por uma nova pa\u0301gina escrita na terra dos seus antepassados: O Alentejo.","publisher":{"@id":"https:\/\/visitalmanova.com\/en_gb\/#organization"},"potentialAction":[{"@type":"SearchAction","target":{"@type":"EntryPoint","urlTemplate":"https:\/\/visitalmanova.com\/en_gb\/?s={search_term_string}"},"query-input":{"@type":"PropertyValueSpecification","valueRequired":true,"valueName":"search_term_string"}}],"inLanguage":"en-GB"},{"@type":"Organization","@id":"https:\/\/visitalmanova.com\/en_gb\/#organization","name":"Alma Nova Alojamento Local - Alentejo, Portugal - Alojamento Local, Alojamento local alentejo, Alojamento local alpalh\u00e3o, Bed & Breakfast, onde dormir","url":"https:\/\/visitalmanova.com\/en_gb\/","logo":{"@type":"ImageObject","inLanguage":"en-GB","@id":"https:\/\/visitalmanova.com\/en_gb\/#\/schema\/logo\/image\/","url":"https:\/\/visitalmanova.com\/wp-content\/uploads\/2018\/10\/logo.png","contentUrl":"https:\/\/visitalmanova.com\/wp-content\/uploads\/2018\/10\/logo.png","width":285,"height":79,"caption":"Alma Nova Alojamento Local - Alentejo, Portugal - Alojamento Local, Alojamento local alentejo, Alojamento local alpalh\u00e3o, Bed & Breakfast, onde dormir"},"image":{"@id":"https:\/\/visitalmanova.com\/en_gb\/#\/schema\/logo\/image\/"}}]}},"_links":{"self":[{"href":"https:\/\/visitalmanova.com\/en_gb\/wp-json\/wp\/v2\/pages\/734","targetHints":{"allow":["GET"]}}],"collection":[{"href":"https:\/\/visitalmanova.com\/en_gb\/wp-json\/wp\/v2\/pages"}],"about":[{"href":"https:\/\/visitalmanova.com\/en_gb\/wp-json\/wp\/v2\/types\/page"}],"author":[{"embeddable":true,"href":"https:\/\/visitalmanova.com\/en_gb\/wp-json\/wp\/v2\/users\/1"}],"replies":[{"embeddable":true,"href":"https:\/\/visitalmanova.com\/en_gb\/wp-json\/wp\/v2\/comments?post=734"}],"version-history":[{"count":0,"href":"https:\/\/visitalmanova.com\/en_gb\/wp-json\/wp\/v2\/pages\/734\/revisions"}],"wp:attachment":[{"href":"https:\/\/visitalmanova.com\/en_gb\/wp-json\/wp\/v2\/media?parent=734"}],"curies":[{"name":"wp","href":"https:\/\/api.w.org\/{rel}","templated":true}]}}